{"id":8973,"date":"2020-05-08T21:27:36","date_gmt":"2020-05-08T21:27:36","guid":{"rendered":"https:\/\/sushigourmet.eu\/recrutement\/"},"modified":"2022-02-24T12:42:05","modified_gmt":"2022-02-24T12:42:05","slug":"recrutamento","status":"publish","type":"page","link":"https:\/\/sushigourmet.eu\/pt-pt\/recrutamento\/","title":{"rendered":"Junte-se \u00e0 aventura Sushi Gourmet"},"content":{"rendered":"\n<h3 class=\"wp-block-heading\">Procura uma aventura \u00fanica? Envie o seu CV para fazer parte da equipa do Sushi Gourmet.<\/h3>\n\n\n\n<figure class=\"wp-block-image size-large\"><img loading=\"lazy\" decoding=\"async\" width=\"1024\" height=\"768\" src=\"https:\/\/sushigourmet.eu\/wp-content\/uploads\/2020\/05\/recrutement-1024x768.jpg\" alt=\"\" class=\"wp-image-763\" srcset=\"https:\/\/sushigourmet.eu\/wp-content\/uploads\/2020\/05\/recrutement-1024x768.jpg 1024w, https:\/\/sushigourmet.eu\/wp-content\/uploads\/2020\/05\/recrutement-300x225.jpg 300w, https:\/\/sushigourmet.eu\/wp-content\/uploads\/2020\/05\/recrutement-768x576.jpg 768w, https:\/\/sushigourmet.eu\/wp-content\/uploads\/2020\/05\/recrutement-1536x1152.jpg 1536w, https:\/\/sushigourmet.eu\/wp-content\/uploads\/2020\/05\/recrutement-840x630.jpg 840w, https:\/\/sushigourmet.eu\/wp-content\/uploads\/2020\/05\/recrutement-347x260.jpg 347w, https:\/\/sushigourmet.eu\/wp-content\/uploads\/2020\/05\/recrutement-554x416.jpg 554w, https:\/\/sushigourmet.eu\/wp-content\/uploads\/2020\/05\/recrutement-224x168.jpg 224w, https:\/\/sushigourmet.eu\/wp-content\/uploads\/2020\/05\/recrutement-187x140.jpg 187w, https:\/\/sushigourmet.eu\/wp-content\/uploads\/2020\/05\/recrutement.jpg 1920w\" sizes=\"(max-width: 1024px) 100vw, 1024px\" \/><\/figure>\n\n\n\n<p>Com mais de 40 kiosk em Portugal e com previs\u00e3o de abertura de novos espa\u00e7os, recrutamos regularmente ajudantes de cozinha, assistentes de cozinha ou chefs! Deixe o seu CV diretamente no stand mais pr\u00f3ximo de si, ou contacte-nos atrav\u00e9s do formul\u00e1rio de contacto.<\/p>\n\n\n<div class=\"frm_forms  with_frm_style frm_center_submit frm_style_formidable-style\" id=\"frm_form_5_container\" >\n<form enctype=\"multipart\/form-data\" method=\"post\" class=\"frm-show-form  frm_pro_form \" id=\"form_postuler\" >\n<div class=\"frm_form_fields \">\n<fieldset>\n<legend class=\"frm_screen_reader\">Enviar<\/legend>\r\n\r\n<div class=\"frm_fields_container\">\n<input type=\"hidden\" name=\"frm_action\" value=\"create\" \/>\n<input type=\"hidden\" name=\"form_id\" value=\"5\" \/>\n<input type=\"hidden\" name=\"frm_hide_fields_5\" id=\"frm_hide_fields_5\" value=\"\" \/>\n<input type=\"hidden\" name=\"form_key\" value=\"postuler\" \/>\n<input type=\"hidden\" name=\"item_meta[0]\" value=\"\" \/>\n<input type=\"hidden\" id=\"frm_submit_entry_5\" name=\"frm_submit_entry_5\" value=\"cbb11967ff\" \/><input type=\"hidden\" name=\"_wp_http_referer\" value=\"\/pt-pt\/wp-json\/wp\/v2\/pages\/8973\" \/><div id=\"frm_field_26_container\" class=\"frm_form_field form-field  frm_required_field frm_hidden_container frm_half\">\r\n    <label for=\"field_ocfup12\" id=\"field_ocfup12_label\" class=\"frm_primary_label\">Apelido\r\n        <span class=\"frm_required\">*<\/span>\r\n    <\/label>\r\n    <input  type=\"text\" id=\"field_ocfup12\" name=\"item_meta[26]\" value=\"\"  data-reqmsg=\" Este campo deve ser preenchido\" aria-required=\"true\" data-invmsg=\"Last is invalid\" aria-invalid=\"false\"   \/>\r\n    \r\n    \r\n<\/div>\n<div id=\"frm_field_25_container\" class=\"frm_form_field form-field  frm_required_field frm_top_container frm_first frm_half\">\r\n    <label for=\"field_qh4icy2\" id=\"field_qh4icy2_label\" class=\"frm_primary_label\">Nome\r\n        <span class=\"frm_required\">*<\/span>\r\n    <\/label>\r\n    <input  type=\"text\" id=\"field_qh4icy2\" name=\"item_meta[25]\" value=\"\"  data-reqmsg=\" Este campo deve ser preenchido\" aria-required=\"true\" data-invmsg=\"Name is invalid\" aria-invalid=\"false\"   \/>\r\n    \r\n    \r\n<\/div>\n<div id=\"frm_field_27_container\" class=\"frm_form_field form-field  frm_required_field frm_top_container frm_full\">\r\n    <label for=\"field_29yf4d2\" id=\"field_29yf4d2_label\" class=\"frm_primary_label\">Mail\r\n        <span class=\"frm_required\">*<\/span>\r\n    <\/label>\r\n    <input type=\"email\" id=\"field_29yf4d2\" name=\"item_meta[27]\" value=\"\"  data-reqmsg=\" Este campo deve ser preenchido\" aria-required=\"true\" data-invmsg=\"Veuillez entrer une adresse \u00e9lectronique valide.\" aria-invalid=\"false\"  \/>\r\n    \r\n    \r\n<\/div>\n<div id=\"frm_field_28_container\" class=\"frm_form_field form-field  frm_required_field frm_top_container frm_full\">\r\n    <label for=\"field_e6lis62\" id=\"field_e6lis62_label\" class=\"frm_primary_label\">Refer\u00eancia profissional\r\n        <span class=\"frm_required\">*<\/span>\r\n    <\/label>\r\n    <input  type=\"text\" id=\"field_e6lis62\" name=\"item_meta[28]\" value=\"\"  data-reqmsg=\" Este campo deve ser preenchido\" aria-required=\"true\" data-invmsg=\"Subject is invalid\" aria-invalid=\"false\"   \/>\r\n    \r\n    \r\n<\/div>\n<div id=\"frm_field_29_container\" class=\"frm_form_field form-field  frm_required_field frm_top_container frm_full\">\r\n    <label for=\"field_9jv0r12\" id=\"field_9jv0r12_label\" class=\"frm_primary_label\">Sua mensagem\r\n        <span class=\"frm_required\">*<\/span>\r\n    <\/label>\r\n    <textarea name=\"item_meta[29]\" id=\"field_9jv0r12\" rows=\"5\"  data-reqmsg=\" Este campo deve ser preenchido\" aria-required=\"true\" data-invmsg=\"Sua mensagem is invalid\" aria-invalid=\"false\"  ><\/textarea>\r\n    \r\n    \r\n<\/div>\n<div id=\"frm_field_30_container\" class=\"frm_form_field form-field is-upload-file  frm_required_field frm_top_container\">\r\n    <div id=\"field_c7s18_label\" class=\"frm_primary_label\">CV\r\n        <span class=\"frm_required\">*<\/span>\r\n    <\/div>\r\n    <input type=\"hidden\"  data-reqmsg=\" Este campo deve ser preenchido\" data-invmsg=\"Le fichier t\u00e9l\u00e9charg\u00e9 n&#039;est pas valide.\" class=\"auto_width\" aria-invalid=\"false\"   name=\"item_meta[30]\"  data-reqmsg=\" Este campo deve ser preenchido\"  value=\"\" data-frmfile=\"30\" \/>\n\n<div class=\"frm_dropzone frm_single_upload frm_clearfix\" id=\"file30_dropzone\" role=\"group\" >\n\t<div class=\"fallback\">\n\t\t<input type=\"file\" name=\"file30\" id=\"field_c7s18\"\n\t\t\t data-reqmsg=\" Este campo deve ser preenchido\" data-invmsg=\"Le fichier t\u00e9l\u00e9charg\u00e9 n&#039;est pas valide.\" class=\"auto_width\" aria-invalid=\"false\"  \t\t\t\/>\n\t\t\t\t<div class=\"frm_clearfix \"><\/div>\n\t<\/div>\n\t<div class=\"dz-message needsclick\">\n\t\t\t\t<svg  viewBox=\"0 0 18 18\" class=\"frmsvg frm-svg-icon\">\n\t<path viewBox=\"0 0 18 18\" fill-rule=\"evenodd\" clip-rule=\"evenodd\" d=\"M8.2 4v8a.8.8 0 001.5 0V4l2.1 2.2A.7.7 0 1013 5L9.5 1.7a.7.7 0 00-1.1 0L5.1 5.2a.8.8 0 001 1l2.1-2zm7.6 4.3c.4 0 .7.3.7.7v6.8c0 .4-.3.7-.8.7H2.3a.8.8 0 01-.8-.8V9A.8.8 0 013 9v6h12V9c0-.4.3-.8.8-.8z\"><\/path>\n<\/svg>\t\t<span class=\"frm_upload_text\"><button type=\"button\" aria-label=\"CV. . Maximum file size: 2MB\"><\/button><\/span>\n\t\t<span class=\"frm_compact_text\"><button type=\"button\" aria-label=\"CV. . Maximum file size: 2MB\"><\/button><\/span>\n\t\t<div class=\"frm_small_text\">\n\t\t\t<p>Maximum file size: 2MB<\/p>\n\t\t<\/div>\n\t<\/div>\n<\/div>\n\t\r\n    \r\n    \r\n<\/div>\n<div id=\"frm_field_31_container\" class=\"frm_form_field form-field is-upload-file  frm_top_container\">\r\n    <div id=\"field_sdsyw_label\" class=\"frm_primary_label\">Carta de motiva\u00e7\u00e3o (opcional)\r\n        <span class=\"frm_required\"><\/span>\r\n    <\/div>\r\n    <input type=\"hidden\"  data-invmsg=\"Le fichier t\u00e9l\u00e9charg\u00e9 n&#039;est pas valide.\" class=\"auto_width\" aria-invalid=\"false\"   name=\"item_meta[31]\"  value=\"\" data-frmfile=\"31\" \/>\n\n<div class=\"frm_dropzone frm_single_upload frm_clearfix\" id=\"file31_dropzone\" role=\"group\" >\n\t<div class=\"fallback\">\n\t\t<input type=\"file\" name=\"file31\" id=\"field_sdsyw\"\n\t\t\t data-invmsg=\"Le fichier t\u00e9l\u00e9charg\u00e9 n&#039;est pas valide.\" class=\"auto_width\" aria-invalid=\"false\"  \t\t\t\/>\n\t\t\t\t<div class=\"frm_clearfix \"><\/div>\n\t<\/div>\n\t<div class=\"dz-message needsclick\">\n\t\t\t\t<svg  viewBox=\"0 0 18 18\" class=\"frmsvg frm-svg-icon\">\n\t<path viewBox=\"0 0 18 18\" fill-rule=\"evenodd\" clip-rule=\"evenodd\" d=\"M8.2 4v8a.8.8 0 001.5 0V4l2.1 2.2A.7.7 0 1013 5L9.5 1.7a.7.7 0 00-1.1 0L5.1 5.2a.8.8 0 001 1l2.1-2zm7.6 4.3c.4 0 .7.3.7.7v6.8c0 .4-.3.7-.8.7H2.3a.8.8 0 01-.8-.8V9A.8.8 0 013 9v6h12V9c0-.4.3-.8.8-.8z\"><\/path>\n<\/svg>\t\t<span class=\"frm_upload_text\"><button type=\"button\" aria-label=\"Carta de motiva\u00e7\u00e3o (opcional). . Maximum file size: 2MB\"><\/button><\/span>\n\t\t<span class=\"frm_compact_text\"><button type=\"button\" aria-label=\"Carta de motiva\u00e7\u00e3o (opcional). . Maximum file size: 2MB\"><\/button><\/span>\n\t\t<div class=\"frm_small_text\">\n\t\t\t<p>Maximum file size: 2MB<\/p>\n\t\t<\/div>\n\t<\/div>\n<\/div>\n\t\r\n    \r\n    \r\n<\/div>\n<input type=\"hidden\" name=\"item_meta[34]\" id=\"field_8zhlx\" value=\"\"     \/>\n<div id=\"frm_field_37_container\" class=\"frm_form_field form-field  frm_hidden_container\">\r\n    <label for=\"g-recaptcha-response\" id=\"field_j4ppu_label\" class=\"frm_primary_label\">\r\n        <span class=\"frm_required\"><\/span>\r\n    <\/label>\r\n    <div  id=\"field_j4ppu\" class=\"g-recaptcha\" data-sitekey=\"6Ld8sbspAAAAAMAd7bWeE6UCyW8s_habncKxCuiP\" data-size=\"invisible\" data-theme=\"light\" data-callback=\"frmAfterRecaptcha\"><\/div>\r\n    \r\n    \r\n<\/div>\n\t<input type=\"hidden\" name=\"item_key\" value=\"\" \/>\n\t\t\t<div id=\"frm_field_329_container\">\n\t\t\t<label for=\"field_aj20m\"  style=\"display:none;\">\n\t\t\t\tIf you are human, leave this field blank.\t\t\t<\/label>\n\t\t\t<input  id=\"field_aj20m\" type=\"text\" class=\"frm_form_field form-field frm_verify\" name=\"item_meta[329]\" value=\"\"  style=\"display:none;\" \/>\n\t\t<\/div>\n\t\t<input name=\"frm_state\" type=\"hidden\" value=\"1PGXgUaWITXVWfwYCDmH+om00CXXtcVDXjU1F+e18e4szSg78RuKfRq+C7Cv2kbQ\" \/><div class=\"frm_submit\">\r\n\r\n<button class=\"frm_button_submit frm_final_submit c-button\" type=\"submit\"  formnovalidate=\"formnovalidate\">Enviar<\/button>\r\n\r\n<\/div><\/div>\n<\/fieldset>\n<\/div>\n\n<\/form>\n<\/div>\n","protected":false},"excerpt":{"rendered":"<p>Procura uma aventura \u00fanica? Envie o seu CV para fazer parte da equipa do Sushi Gourmet. Com mais de 40 kiosk em Portugal e com previs\u00e3o de abertura de novos espa\u00e7os, recrutamos regularmente ajudantes de cozinha, assistentes de cozinha ou chefs! Deixe o seu CV diretamente no stand mais pr\u00f3ximo de si, ou contacte-nos atrav\u00e9s [&hellip;]<\/p>\n","protected":false},"author":1,"featured_media":0,"parent":0,"menu_order":0,"comment_status":"closed","ping_status":"closed","template":"","meta":{"_acf_changed":false,"footnotes":""},"class_list":["post-8973","page","type-page","status-publish","hentry"],"acf":[],"yoast_head":"<!-- This site is optimized with the Yoast SEO plugin v22.1 - https:\/\/yoast.com\/wordpress\/plugins\/seo\/ -->\n<title>Junte-se \u00e0 aventura Sushi Gourmet - Sushi Gourmet<\/title>\n<meta name=\"robots\" content=\"index, follow, max-snippet:-1, max-image-preview:large, max-video-preview:-1\" \/>\n<link rel=\"canonical\" href=\"https:\/\/sushigourmet.eu\/pt-pt\/recrutamento\/\" \/>\n<meta property=\"og:locale\" content=\"pt_PT\" \/>\n<meta property=\"og:type\" content=\"article\" \/>\n<meta property=\"og:title\" content=\"Junte-se \u00e0 aventura Sushi Gourmet - Sushi Gourmet\" \/>\n<meta property=\"og:description\" content=\"Procura uma aventura \u00fanica? Envie o seu CV para fazer parte da equipa do Sushi Gourmet. Com mais de 40 kiosk em Portugal e com previs\u00e3o de abertura de novos espa\u00e7os, recrutamos regularmente ajudantes de cozinha, assistentes de cozinha ou chefs! Deixe o seu CV diretamente no stand mais pr\u00f3ximo de si, ou contacte-nos atrav\u00e9s [&hellip;]\" \/>\n<meta property=\"og:url\" content=\"https:\/\/sushigourmet.eu\/pt-pt\/recrutamento\/\" \/>\n<meta property=\"og:site_name\" content=\"Sushi Gourmet\" \/>\n<meta property=\"article:modified_time\" content=\"2022-02-24T12:42:05+00:00\" \/>\n<meta property=\"og:image\" content=\"https:\/\/sushigourmet.eu\/wp-content\/uploads\/2020\/05\/recrutement-1024x768.jpg\" \/>\n<meta name=\"twitter:card\" content=\"summary_large_image\" \/>\n<script type=\"application\/ld+json\" class=\"yoast-schema-graph\">{\"@context\":\"https:\/\/schema.org\",\"@graph\":[{\"@type\":\"WebPage\",\"@id\":\"https:\/\/sushigourmet.eu\/pt-pt\/recrutamento\/\",\"url\":\"https:\/\/sushigourmet.eu\/pt-pt\/recrutamento\/\",\"name\":\"Junte-se \u00e0 aventura Sushi Gourmet - Sushi Gourmet\",\"isPartOf\":{\"@id\":\"https:\/\/sushigourmet.eu\/en\/#website\"},\"datePublished\":\"2020-05-08T21:27:36+00:00\",\"dateModified\":\"2022-02-24T12:42:05+00:00\",\"breadcrumb\":{\"@id\":\"https:\/\/sushigourmet.eu\/pt-pt\/recrutamento\/#breadcrumb\"},\"inLanguage\":\"pt-PT\",\"potentialAction\":[{\"@type\":\"ReadAction\",\"target\":[\"https:\/\/sushigourmet.eu\/pt-pt\/recrutamento\/\"]}]},{\"@type\":\"BreadcrumbList\",\"@id\":\"https:\/\/sushigourmet.eu\/pt-pt\/recrutamento\/#breadcrumb\",\"itemListElement\":[{\"@type\":\"ListItem\",\"position\":1,\"name\":\"Home\",\"item\":\"https:\/\/sushigourmet.eu\/pt-pt\/\"},{\"@type\":\"ListItem\",\"position\":2,\"name\":\"Junte-se \u00e0 aventura Sushi Gourmet\"}]},{\"@type\":\"WebSite\",\"@id\":\"https:\/\/sushigourmet.eu\/en\/#website\",\"url\":\"https:\/\/sushigourmet.eu\/en\/\",\"name\":\"Sushi Gourmet\",\"description\":\"\",\"potentialAction\":[{\"@type\":\"SearchAction\",\"target\":{\"@type\":\"EntryPoint\",\"urlTemplate\":\"https:\/\/sushigourmet.eu\/en\/?s={search_term_string}\"},\"query-input\":\"required name=search_term_string\"}],\"inLanguage\":\"pt-PT\"}]}<\/script>\n<!-- \/ Yoast SEO plugin. -->","yoast_head_json":{"title":"Junte-se \u00e0 aventura Sushi Gourmet - Sushi Gourmet","robots":{"index":"index","follow":"follow","max-snippet":"max-snippet:-1","max-image-preview":"max-image-preview:large","max-video-preview":"max-video-preview:-1"},"canonical":"https:\/\/sushigourmet.eu\/pt-pt\/recrutamento\/","og_locale":"pt_PT","og_type":"article","og_title":"Junte-se \u00e0 aventura Sushi Gourmet - Sushi Gourmet","og_description":"Procura uma aventura \u00fanica? Envie o seu CV para fazer parte da equipa do Sushi Gourmet. Com mais de 40 kiosk em Portugal e com previs\u00e3o de abertura de novos espa\u00e7os, recrutamos regularmente ajudantes de cozinha, assistentes de cozinha ou chefs! Deixe o seu CV diretamente no stand mais pr\u00f3ximo de si, ou contacte-nos atrav\u00e9s [&hellip;]","og_url":"https:\/\/sushigourmet.eu\/pt-pt\/recrutamento\/","og_site_name":"Sushi Gourmet","article_modified_time":"2022-02-24T12:42:05+00:00","og_image":[{"url":"https:\/\/sushigourmet.eu\/wp-content\/uploads\/2020\/05\/recrutement-1024x768.jpg"}],"twitter_card":"summary_large_image","schema":{"@context":"https:\/\/schema.org","@graph":[{"@type":"WebPage","@id":"https:\/\/sushigourmet.eu\/pt-pt\/recrutamento\/","url":"https:\/\/sushigourmet.eu\/pt-pt\/recrutamento\/","name":"Junte-se \u00e0 aventura Sushi Gourmet - Sushi Gourmet","isPartOf":{"@id":"https:\/\/sushigourmet.eu\/en\/#website"},"datePublished":"2020-05-08T21:27:36+00:00","dateModified":"2022-02-24T12:42:05+00:00","breadcrumb":{"@id":"https:\/\/sushigourmet.eu\/pt-pt\/recrutamento\/#breadcrumb"},"inLanguage":"pt-PT","potentialAction":[{"@type":"ReadAction","target":["https:\/\/sushigourmet.eu\/pt-pt\/recrutamento\/"]}]},{"@type":"BreadcrumbList","@id":"https:\/\/sushigourmet.eu\/pt-pt\/recrutamento\/#breadcrumb","itemListElement":[{"@type":"ListItem","position":1,"name":"Home","item":"https:\/\/sushigourmet.eu\/pt-pt\/"},{"@type":"ListItem","position":2,"name":"Junte-se \u00e0 aventura Sushi Gourmet"}]},{"@type":"WebSite","@id":"https:\/\/sushigourmet.eu\/en\/#website","url":"https:\/\/sushigourmet.eu\/en\/","name":"Sushi Gourmet","description":"","potentialAction":[{"@type":"SearchAction","target":{"@type":"EntryPoint","urlTemplate":"https:\/\/sushigourmet.eu\/en\/?s={search_term_string}"},"query-input":"required name=search_term_string"}],"inLanguage":"pt-PT"}]}},"_links":{"self":[{"href":"https:\/\/sushigourmet.eu\/pt-pt\/wp-json\/wp\/v2\/pages\/8973"}],"collection":[{"href":"https:\/\/sushigourmet.eu\/pt-pt\/wp-json\/wp\/v2\/pages"}],"about":[{"href":"https:\/\/sushigourmet.eu\/pt-pt\/wp-json\/wp\/v2\/types\/page"}],"author":[{"embeddable":true,"href":"https:\/\/sushigourmet.eu\/pt-pt\/wp-json\/wp\/v2\/users\/1"}],"replies":[{"embeddable":true,"href":"https:\/\/sushigourmet.eu\/pt-pt\/wp-json\/wp\/v2\/comments?post=8973"}],"version-history":[{"count":2,"href":"https:\/\/sushigourmet.eu\/pt-pt\/wp-json\/wp\/v2\/pages\/8973\/revisions"}],"predecessor-version":[{"id":8979,"href":"https:\/\/sushigourmet.eu\/pt-pt\/wp-json\/wp\/v2\/pages\/8973\/revisions\/8979"}],"wp:attachment":[{"href":"https:\/\/sushigourmet.eu\/pt-pt\/wp-json\/wp\/v2\/media?parent=8973"}],"curies":[{"name":"wp","href":"https:\/\/api.w.org\/{rel}","templated":true}]}}