{"id":8966,"date":"2020-04-10T21:06:47","date_gmt":"2020-04-10T21:06:47","guid":{"rendered":"https:\/\/sushigourmet.eu\/qui-sommes-nous\/"},"modified":"2022-02-24T12:42:21","modified_gmt":"2022-02-24T12:42:21","slug":"quem-somos","status":"publish","type":"page","link":"https:\/\/sushigourmet.eu\/pt-pt\/quem-somos\/","title":{"rendered":"Quem somos?"},"content":{"rendered":"\n<h3 class=\"wp-block-heading\">&nbsp;Sushi Gourmet, especialista em gastronomia japonesa nos supermercados e hipermercados<\/h3>\n\n\n\n<figure class=\"wp-block-image size-large\"><img loading=\"lazy\" decoding=\"async\" width=\"1024\" height=\"768\" src=\"https:\/\/sushigourmet.eu\/wp-content\/uploads\/2020\/06\/quisommesnous6-1024x768.jpg\" alt=\"\" class=\"wp-image-1485\" srcset=\"https:\/\/sushigourmet.eu\/wp-content\/uploads\/2020\/06\/quisommesnous6-1024x768.jpg 1024w, https:\/\/sushigourmet.eu\/wp-content\/uploads\/2020\/06\/quisommesnous6-300x225.jpg 300w, https:\/\/sushigourmet.eu\/wp-content\/uploads\/2020\/06\/quisommesnous6-768x576.jpg 768w, https:\/\/sushigourmet.eu\/wp-content\/uploads\/2020\/06\/quisommesnous6-1536x1152.jpg 1536w, https:\/\/sushigourmet.eu\/wp-content\/uploads\/2020\/06\/quisommesnous6-840x630.jpg 840w, https:\/\/sushigourmet.eu\/wp-content\/uploads\/2020\/06\/quisommesnous6-347x260.jpg 347w, https:\/\/sushigourmet.eu\/wp-content\/uploads\/2020\/06\/quisommesnous6-554x416.jpg 554w, https:\/\/sushigourmet.eu\/wp-content\/uploads\/2020\/06\/quisommesnous6-224x168.jpg 224w, https:\/\/sushigourmet.eu\/wp-content\/uploads\/2020\/06\/quisommesnous6-187x140.jpg 187w, https:\/\/sushigourmet.eu\/wp-content\/uploads\/2020\/06\/quisommesnous6.jpg 1920w\" sizes=\"(max-width: 1024px) 100vw, 1024px\" \/><\/figure>\n\n\n\n<h4 class=\"wp-block-heading\">Com mais de 45 quiosques em Portugal oferece gastronomia Japonesa perto de si!<\/h4>\n\n\n\n<p>Sushi Gourmet oferece lhe um conceito de quiosques japoneses nos supermecados perto de si. O nosso objetivo oferecer produtos produzidos diariamente. O nosso sushi \u00e9 produzido por chefs experientes \u00e0 frente dos nossos clientes.&nbsp;<\/p>\n\n\n\n<blockquote class=\"wp-block-quote is-layout-flow wp-block-quote-is-layout-flow\"><p>&#8220;A frescura e a qualidade do nosso sushi \u00e9 a nossa motiva\u00e7\u00e3o&#8221;<\/p><\/blockquote>\n\n\n\n<p>A equipa Sushi Gourmet \u00e9 formada para preparar os produtos com a m\u00e1xima qualidade. Esta qualidade \u00e9 supervisionada pelo departamento de qualidade da Hana Group e por laborat\u00f3rios independentes. Toda esta organiza\u00e7\u00e3o e know how garante a sua satisfa\u00e7\u00e3o e maxima seguran\u00e7a.<\/p>\n\n\n\n<figure class=\"wp-block-image size-large\"><img loading=\"lazy\" decoding=\"async\" width=\"1024\" height=\"768\" src=\"https:\/\/sushigourmet.eu\/wp-content\/uploads\/2020\/05\/team-1024x768.jpg\" alt=\"\" class=\"wp-image-714\" srcset=\"https:\/\/sushigourmet.eu\/wp-content\/uploads\/2020\/05\/team-1024x768.jpg 1024w, https:\/\/sushigourmet.eu\/wp-content\/uploads\/2020\/05\/team-300x225.jpg 300w, https:\/\/sushigourmet.eu\/wp-content\/uploads\/2020\/05\/team-768x576.jpg 768w, https:\/\/sushigourmet.eu\/wp-content\/uploads\/2020\/05\/team-1536x1152.jpg 1536w, https:\/\/sushigourmet.eu\/wp-content\/uploads\/2020\/05\/team-840x630.jpg 840w, https:\/\/sushigourmet.eu\/wp-content\/uploads\/2020\/05\/team-347x260.jpg 347w, https:\/\/sushigourmet.eu\/wp-content\/uploads\/2020\/05\/team-554x416.jpg 554w, https:\/\/sushigourmet.eu\/wp-content\/uploads\/2020\/05\/team-224x168.jpg 224w, https:\/\/sushigourmet.eu\/wp-content\/uploads\/2020\/05\/team-187x140.jpg 187w, https:\/\/sushigourmet.eu\/wp-content\/uploads\/2020\/05\/team.jpg 1920w\" sizes=\"(max-width: 1024px) 100vw, 1024px\" \/><\/figure>\n\n\n\n<p>Sushi Gourmet \u00e9 uma das 20 marcas pertencentes \u00e0 Hana Group, especializada em Showcooking. Encontra o mesmo Know , os mesmos valores para todas as cozinhas do mundo; Italiana, Thai, Oriental\u2026parta agora, para sua viagem gastron\u00f3mica!<\/p>\n\n\n\n<blockquote class=\"wp-block-quote is-layout-flow wp-block-quote-is-layout-flow\"><p>&#8220;O Show Cooking oferece a oportunidade de apreciar a habilidade do cozinheiro, ao mesmo tempo que adiciona uma dimens\u00e3o orientada a eventos \u00e0 experi\u00eancia culin\u00e1ria&#8221;<\/p><\/blockquote>\n\n\n\n<figure class=\"wp-block-embed-youtube wp-block-embed is-type-video is-provider-youtube wp-embed-aspect-16-9 wp-has-aspect-ratio\"><div class=\"wp-block-embed__wrapper\">\n<iframe loading=\"lazy\" title=\"Hana Group - Cr\u00e9ateur de voyage culinaire\" width=\"500\" height=\"281\" src=\"https:\/\/www.youtube.com\/embed\/PRW8SrWFN80?feature=oembed\" frameborder=\"0\" allow=\"accelerometer; autoplay; clipboard-write; encrypted-media; gyroscope; picture-in-picture; web-share\" referrerpolicy=\"strict-origin-when-cross-origin\" allowfullscreen><\/iframe>\n<\/div><\/figure>\n","protected":false},"excerpt":{"rendered":"<p>Com mais de 45 quiosques em Portugal oferece gastronomia Japonesa perto de si!<\/p>\n","protected":false},"author":1,"featured_media":8968,"parent":0,"menu_order":0,"comment_status":"closed","ping_status":"closed","template":"","meta":{"_acf_changed":false,"footnotes":""},"class_list":["post-8966","page","type-page","status-publish","has-post-thumbnail","hentry"],"acf":[],"yoast_head":"<!-- This site is optimized with the Yoast SEO plugin v22.1 - https:\/\/yoast.com\/wordpress\/plugins\/seo\/ -->\n<title>Quem somos? - Sushi Gourmet<\/title>\n<meta name=\"robots\" content=\"index, follow, max-snippet:-1, max-image-preview:large, max-video-preview:-1\" \/>\n<link rel=\"canonical\" href=\"https:\/\/sushigourmet.eu\/pt-pt\/quem-somos\/\" \/>\n<meta property=\"og:locale\" content=\"pt_PT\" \/>\n<meta property=\"og:type\" content=\"article\" \/>\n<meta property=\"og:title\" content=\"Quem somos? - Sushi Gourmet\" \/>\n<meta property=\"og:description\" content=\"Com mais de 45 quiosques em Portugal oferece gastronomia Japonesa perto de si!\" \/>\n<meta property=\"og:url\" content=\"https:\/\/sushigourmet.eu\/pt-pt\/quem-somos\/\" \/>\n<meta property=\"og:site_name\" content=\"Sushi Gourmet\" \/>\n<meta property=\"article:modified_time\" content=\"2022-02-24T12:42:21+00:00\" \/>\n<meta property=\"og:image\" content=\"https:\/\/sushigourmet.eu\/wp-content\/uploads\/2020\/06\/quisommesnousheader.png\" \/>\n\t<meta property=\"og:image:width\" content=\"1440\" \/>\n\t<meta property=\"og:image:height\" content=\"235\" \/>\n\t<meta property=\"og:image:type\" content=\"image\/png\" \/>\n<meta name=\"twitter:card\" content=\"summary_large_image\" \/>\n<meta name=\"twitter:label1\" content=\"Est. reading time\" \/>\n\t<meta name=\"twitter:data1\" content=\"1 minuto\" \/>\n<script type=\"application\/ld+json\" class=\"yoast-schema-graph\">{\"@context\":\"https:\/\/schema.org\",\"@graph\":[{\"@type\":\"WebPage\",\"@id\":\"https:\/\/sushigourmet.eu\/pt-pt\/quem-somos\/\",\"url\":\"https:\/\/sushigourmet.eu\/pt-pt\/quem-somos\/\",\"name\":\"Quem somos? - Sushi Gourmet\",\"isPartOf\":{\"@id\":\"https:\/\/sushigourmet.eu\/en\/#website\"},\"datePublished\":\"2020-04-10T21:06:47+00:00\",\"dateModified\":\"2022-02-24T12:42:21+00:00\",\"breadcrumb\":{\"@id\":\"https:\/\/sushigourmet.eu\/pt-pt\/quem-somos\/#breadcrumb\"},\"inLanguage\":\"pt-PT\",\"potentialAction\":[{\"@type\":\"ReadAction\",\"target\":[\"https:\/\/sushigourmet.eu\/pt-pt\/quem-somos\/\"]}]},{\"@type\":\"BreadcrumbList\",\"@id\":\"https:\/\/sushigourmet.eu\/pt-pt\/quem-somos\/#breadcrumb\",\"itemListElement\":[{\"@type\":\"ListItem\",\"position\":1,\"name\":\"Home\",\"item\":\"https:\/\/sushigourmet.eu\/pt-pt\/\"},{\"@type\":\"ListItem\",\"position\":2,\"name\":\"Quem somos?\"}]},{\"@type\":\"WebSite\",\"@id\":\"https:\/\/sushigourmet.eu\/en\/#website\",\"url\":\"https:\/\/sushigourmet.eu\/en\/\",\"name\":\"Sushi Gourmet\",\"description\":\"\",\"potentialAction\":[{\"@type\":\"SearchAction\",\"target\":{\"@type\":\"EntryPoint\",\"urlTemplate\":\"https:\/\/sushigourmet.eu\/en\/?s={search_term_string}\"},\"query-input\":\"required name=search_term_string\"}],\"inLanguage\":\"pt-PT\"}]}<\/script>\n<!-- \/ Yoast SEO plugin. -->","yoast_head_json":{"title":"Quem somos? - Sushi Gourmet","robots":{"index":"index","follow":"follow","max-snippet":"max-snippet:-1","max-image-preview":"max-image-preview:large","max-video-preview":"max-video-preview:-1"},"canonical":"https:\/\/sushigourmet.eu\/pt-pt\/quem-somos\/","og_locale":"pt_PT","og_type":"article","og_title":"Quem somos? - Sushi Gourmet","og_description":"Com mais de 45 quiosques em Portugal oferece gastronomia Japonesa perto de si!","og_url":"https:\/\/sushigourmet.eu\/pt-pt\/quem-somos\/","og_site_name":"Sushi Gourmet","article_modified_time":"2022-02-24T12:42:21+00:00","og_image":[{"width":1440,"height":235,"url":"https:\/\/sushigourmet.eu\/wp-content\/uploads\/2020\/06\/quisommesnousheader.png","type":"image\/png"}],"twitter_card":"summary_large_image","twitter_misc":{"Est. reading time":"1 minuto"},"schema":{"@context":"https:\/\/schema.org","@graph":[{"@type":"WebPage","@id":"https:\/\/sushigourmet.eu\/pt-pt\/quem-somos\/","url":"https:\/\/sushigourmet.eu\/pt-pt\/quem-somos\/","name":"Quem somos? - Sushi Gourmet","isPartOf":{"@id":"https:\/\/sushigourmet.eu\/en\/#website"},"datePublished":"2020-04-10T21:06:47+00:00","dateModified":"2022-02-24T12:42:21+00:00","breadcrumb":{"@id":"https:\/\/sushigourmet.eu\/pt-pt\/quem-somos\/#breadcrumb"},"inLanguage":"pt-PT","potentialAction":[{"@type":"ReadAction","target":["https:\/\/sushigourmet.eu\/pt-pt\/quem-somos\/"]}]},{"@type":"BreadcrumbList","@id":"https:\/\/sushigourmet.eu\/pt-pt\/quem-somos\/#breadcrumb","itemListElement":[{"@type":"ListItem","position":1,"name":"Home","item":"https:\/\/sushigourmet.eu\/pt-pt\/"},{"@type":"ListItem","position":2,"name":"Quem somos?"}]},{"@type":"WebSite","@id":"https:\/\/sushigourmet.eu\/en\/#website","url":"https:\/\/sushigourmet.eu\/en\/","name":"Sushi Gourmet","description":"","potentialAction":[{"@type":"SearchAction","target":{"@type":"EntryPoint","urlTemplate":"https:\/\/sushigourmet.eu\/en\/?s={search_term_string}"},"query-input":"required name=search_term_string"}],"inLanguage":"pt-PT"}]}},"_links":{"self":[{"href":"https:\/\/sushigourmet.eu\/pt-pt\/wp-json\/wp\/v2\/pages\/8966"}],"collection":[{"href":"https:\/\/sushigourmet.eu\/pt-pt\/wp-json\/wp\/v2\/pages"}],"about":[{"href":"https:\/\/sushigourmet.eu\/pt-pt\/wp-json\/wp\/v2\/types\/page"}],"author":[{"embeddable":true,"href":"https:\/\/sushigourmet.eu\/pt-pt\/wp-json\/wp\/v2\/users\/1"}],"replies":[{"embeddable":true,"href":"https:\/\/sushigourmet.eu\/pt-pt\/wp-json\/wp\/v2\/comments?post=8966"}],"version-history":[{"count":2,"href":"https:\/\/sushigourmet.eu\/pt-pt\/wp-json\/wp\/v2\/pages\/8966\/revisions"}],"predecessor-version":[{"id":9012,"href":"https:\/\/sushigourmet.eu\/pt-pt\/wp-json\/wp\/v2\/pages\/8966\/revisions\/9012"}],"wp:featuredmedia":[{"embeddable":true,"href":"https:\/\/sushigourmet.eu\/pt-pt\/wp-json\/wp\/v2\/media\/8968"}],"wp:attachment":[{"href":"https:\/\/sushigourmet.eu\/pt-pt\/wp-json\/wp\/v2\/media?parent=8966"}],"curies":[{"name":"wp","href":"https:\/\/api.w.org\/{rel}","templated":true}]}}