{"id":8956,"date":"2020-05-08T21:27:19","date_gmt":"2020-05-08T21:27:19","guid":{"rendered":"https:\/\/sushigourmet.eu\/hana-group\/"},"modified":"2022-03-07T10:31:10","modified_gmt":"2022-03-07T10:31:10","slug":"hana-group","status":"publish","type":"page","link":"https:\/\/sushigourmet.eu\/pt-pt\/hana-group\/","title":{"rendered":"Hana Group criador de maravilhosas viagens gastron\u00f3micas"},"content":{"rendered":"\n<h3 class=\"wp-block-heading\">Hana Group oferece experi\u00eancias gastron\u00f3micas de todo o mundo.<\/h3>\n\n\n\n<p>Depois de ter criado uma marca que rapidamente se tornou l\u00edder de mercado&nbsp; na gastronomia japonesa nos supermercados, a Hana Group desenvolve agora mais de vinte outras em todo o mundo. Com mais de 1000 pontos de venda em 12 pa\u00edses diferentes, a Hana Group torna-se l\u00edder mundial na gastronomia em loja.<\/p>\n\n\n\n<h4 class=\"wp-block-heading\">Um portfolio de 20 marcas<\/h4>\n\n\n\n<p>A nossa variedade de marcas oferece um conceito de stand no setor de retalho. A nossa for\u00e7a: produtos frescos e de alta qualidade, preparados diariamente pelos nossos chefs em todas as cozinhas do mundo.O nosso objetivo: oferecer uma jornada gastron\u00f3mica em It\u00e1lia, Vietname, Tail\u00e2ndia a todos os nossos consumidores, preservando os nossos valores: <strong>Confian\u00e7a, Generosidade e Aud\u00e1cia<\/strong>.<\/p>\n\n\n\n<figure class=\"wp-block-embed-youtube wp-block-embed is-type-video is-provider-youtube wp-embed-aspect-16-9 wp-has-aspect-ratio\"><div class=\"wp-block-embed__wrapper\">\n<iframe loading=\"lazy\" title=\"Hana Group - Cr\u00e9ateur de voyage culinaire\" width=\"500\" height=\"281\" src=\"https:\/\/www.youtube.com\/embed\/PRW8SrWFN80?feature=oembed\" frameborder=\"0\" allow=\"accelerometer; autoplay; clipboard-write; encrypted-media; gyroscope; picture-in-picture; web-share\" referrerpolicy=\"strict-origin-when-cross-origin\" allowfullscreen><\/iframe>\n<\/div><\/figure>\n\n\n\n  <p class=\"u-text-center\">\n    <a href=\"http:\/\/www.hanagroup.eu\" class=\"c-button\" rel=\"external\">En Savoir Plus<\/a>\n  <\/p>\n\n\n\n<p><\/p>\n","protected":false},"excerpt":{"rendered":"<p>Hana Group oferece experi\u00eancias gastron\u00f3micas de todo o mundo. Depois de ter criado uma marca que rapidamente se tornou l\u00edder de mercado&nbsp; na gastronomia japonesa nos supermercados, a Hana Group desenvolve agora mais de vinte outras em todo o mundo. Com mais de 1000 pontos de venda em 12 pa\u00edses diferentes, a Hana Group torna-se [&hellip;]<\/p>\n","protected":false},"author":1,"featured_media":8957,"parent":0,"menu_order":0,"comment_status":"closed","ping_status":"closed","template":"","meta":{"_acf_changed":false,"footnotes":""},"class_list":["post-8956","page","type-page","status-publish","has-post-thumbnail","hentry"],"acf":[],"yoast_head":"<!-- This site is optimized with the Yoast SEO plugin v22.1 - https:\/\/yoast.com\/wordpress\/plugins\/seo\/ -->\n<title>Hana Group criador de maravilhosas viagens gastron\u00f3micas - Sushi Gourmet<\/title>\n<meta name=\"robots\" content=\"index, follow, max-snippet:-1, max-image-preview:large, max-video-preview:-1\" \/>\n<link rel=\"canonical\" href=\"https:\/\/sushigourmet.eu\/pt-pt\/hana-group\/\" \/>\n<meta property=\"og:locale\" content=\"pt_PT\" \/>\n<meta property=\"og:type\" content=\"article\" \/>\n<meta property=\"og:title\" content=\"Hana Group criador de maravilhosas viagens gastron\u00f3micas - Sushi Gourmet\" \/>\n<meta property=\"og:description\" content=\"Hana Group oferece experi\u00eancias gastron\u00f3micas de todo o mundo. Depois de ter criado uma marca que rapidamente se tornou l\u00edder de mercado&nbsp; na gastronomia japonesa nos supermercados, a Hana Group desenvolve agora mais de vinte outras em todo o mundo. Com mais de 1000 pontos de venda em 12 pa\u00edses diferentes, a Hana Group torna-se [&hellip;]\" \/>\n<meta property=\"og:url\" content=\"https:\/\/sushigourmet.eu\/pt-pt\/hana-group\/\" \/>\n<meta property=\"og:site_name\" content=\"Sushi Gourmet\" \/>\n<meta property=\"article:modified_time\" content=\"2022-03-07T10:31:10+00:00\" \/>\n<meta property=\"og:image\" content=\"https:\/\/sushigourmet.eu\/wp-content\/uploads\/2020\/05\/hanagroup.jpg\" \/>\n\t<meta property=\"og:image:width\" content=\"1920\" \/>\n\t<meta property=\"og:image:height\" content=\"1440\" \/>\n\t<meta property=\"og:image:type\" content=\"image\/jpeg\" \/>\n<meta name=\"twitter:card\" content=\"summary_large_image\" \/>\n<meta name=\"twitter:label1\" content=\"Est. reading time\" \/>\n\t<meta name=\"twitter:data1\" content=\"1 minuto\" \/>\n<script type=\"application\/ld+json\" class=\"yoast-schema-graph\">{\"@context\":\"https:\/\/schema.org\",\"@graph\":[{\"@type\":\"WebPage\",\"@id\":\"https:\/\/sushigourmet.eu\/pt-pt\/hana-group\/\",\"url\":\"https:\/\/sushigourmet.eu\/pt-pt\/hana-group\/\",\"name\":\"Hana Group criador de maravilhosas viagens gastron\u00f3micas - Sushi Gourmet\",\"isPartOf\":{\"@id\":\"https:\/\/sushigourmet.eu\/en\/#website\"},\"datePublished\":\"2020-05-08T21:27:19+00:00\",\"dateModified\":\"2022-03-07T10:31:10+00:00\",\"breadcrumb\":{\"@id\":\"https:\/\/sushigourmet.eu\/pt-pt\/hana-group\/#breadcrumb\"},\"inLanguage\":\"pt-PT\",\"potentialAction\":[{\"@type\":\"ReadAction\",\"target\":[\"https:\/\/sushigourmet.eu\/pt-pt\/hana-group\/\"]}]},{\"@type\":\"BreadcrumbList\",\"@id\":\"https:\/\/sushigourmet.eu\/pt-pt\/hana-group\/#breadcrumb\",\"itemListElement\":[{\"@type\":\"ListItem\",\"position\":1,\"name\":\"Home\",\"item\":\"https:\/\/sushigourmet.eu\/pt-pt\/\"},{\"@type\":\"ListItem\",\"position\":2,\"name\":\"Hana Group criador de maravilhosas viagens gastron\u00f3micas\"}]},{\"@type\":\"WebSite\",\"@id\":\"https:\/\/sushigourmet.eu\/en\/#website\",\"url\":\"https:\/\/sushigourmet.eu\/en\/\",\"name\":\"Sushi Gourmet\",\"description\":\"\",\"potentialAction\":[{\"@type\":\"SearchAction\",\"target\":{\"@type\":\"EntryPoint\",\"urlTemplate\":\"https:\/\/sushigourmet.eu\/en\/?s={search_term_string}\"},\"query-input\":\"required name=search_term_string\"}],\"inLanguage\":\"pt-PT\"}]}<\/script>\n<!-- \/ Yoast SEO plugin. -->","yoast_head_json":{"title":"Hana Group criador de maravilhosas viagens gastron\u00f3micas - Sushi Gourmet","robots":{"index":"index","follow":"follow","max-snippet":"max-snippet:-1","max-image-preview":"max-image-preview:large","max-video-preview":"max-video-preview:-1"},"canonical":"https:\/\/sushigourmet.eu\/pt-pt\/hana-group\/","og_locale":"pt_PT","og_type":"article","og_title":"Hana Group criador de maravilhosas viagens gastron\u00f3micas - Sushi Gourmet","og_description":"Hana Group oferece experi\u00eancias gastron\u00f3micas de todo o mundo. Depois de ter criado uma marca que rapidamente se tornou l\u00edder de mercado&nbsp; na gastronomia japonesa nos supermercados, a Hana Group desenvolve agora mais de vinte outras em todo o mundo. Com mais de 1000 pontos de venda em 12 pa\u00edses diferentes, a Hana Group torna-se [&hellip;]","og_url":"https:\/\/sushigourmet.eu\/pt-pt\/hana-group\/","og_site_name":"Sushi Gourmet","article_modified_time":"2022-03-07T10:31:10+00:00","og_image":[{"width":1920,"height":1440,"url":"https:\/\/sushigourmet.eu\/wp-content\/uploads\/2020\/05\/hanagroup.jpg","type":"image\/jpeg"}],"twitter_card":"summary_large_image","twitter_misc":{"Est. reading time":"1 minuto"},"schema":{"@context":"https:\/\/schema.org","@graph":[{"@type":"WebPage","@id":"https:\/\/sushigourmet.eu\/pt-pt\/hana-group\/","url":"https:\/\/sushigourmet.eu\/pt-pt\/hana-group\/","name":"Hana Group criador de maravilhosas viagens gastron\u00f3micas - Sushi Gourmet","isPartOf":{"@id":"https:\/\/sushigourmet.eu\/en\/#website"},"datePublished":"2020-05-08T21:27:19+00:00","dateModified":"2022-03-07T10:31:10+00:00","breadcrumb":{"@id":"https:\/\/sushigourmet.eu\/pt-pt\/hana-group\/#breadcrumb"},"inLanguage":"pt-PT","potentialAction":[{"@type":"ReadAction","target":["https:\/\/sushigourmet.eu\/pt-pt\/hana-group\/"]}]},{"@type":"BreadcrumbList","@id":"https:\/\/sushigourmet.eu\/pt-pt\/hana-group\/#breadcrumb","itemListElement":[{"@type":"ListItem","position":1,"name":"Home","item":"https:\/\/sushigourmet.eu\/pt-pt\/"},{"@type":"ListItem","position":2,"name":"Hana Group criador de maravilhosas viagens gastron\u00f3micas"}]},{"@type":"WebSite","@id":"https:\/\/sushigourmet.eu\/en\/#website","url":"https:\/\/sushigourmet.eu\/en\/","name":"Sushi Gourmet","description":"","potentialAction":[{"@type":"SearchAction","target":{"@type":"EntryPoint","urlTemplate":"https:\/\/sushigourmet.eu\/en\/?s={search_term_string}"},"query-input":"required name=search_term_string"}],"inLanguage":"pt-PT"}]}},"_links":{"self":[{"href":"https:\/\/sushigourmet.eu\/pt-pt\/wp-json\/wp\/v2\/pages\/8956"}],"collection":[{"href":"https:\/\/sushigourmet.eu\/pt-pt\/wp-json\/wp\/v2\/pages"}],"about":[{"href":"https:\/\/sushigourmet.eu\/pt-pt\/wp-json\/wp\/v2\/types\/page"}],"author":[{"embeddable":true,"href":"https:\/\/sushigourmet.eu\/pt-pt\/wp-json\/wp\/v2\/users\/1"}],"replies":[{"embeddable":true,"href":"https:\/\/sushigourmet.eu\/pt-pt\/wp-json\/wp\/v2\/comments?post=8956"}],"version-history":[{"count":3,"href":"https:\/\/sushigourmet.eu\/pt-pt\/wp-json\/wp\/v2\/pages\/8956\/revisions"}],"predecessor-version":[{"id":9239,"href":"https:\/\/sushigourmet.eu\/pt-pt\/wp-json\/wp\/v2\/pages\/8956\/revisions\/9239"}],"wp:featuredmedia":[{"embeddable":true,"href":"https:\/\/sushigourmet.eu\/pt-pt\/wp-json\/wp\/v2\/media\/8957"}],"wp:attachment":[{"href":"https:\/\/sushigourmet.eu\/pt-pt\/wp-json\/wp\/v2\/media?parent=8956"}],"curies":[{"name":"wp","href":"https:\/\/api.w.org\/{rel}","templated":true}]}}