{"id":44250,"date":"2020-05-08T21:29:11","date_gmt":"2020-05-08T21:29:11","guid":{"rendered":"https:\/\/sushigourmet.eu\/cgu\/"},"modified":"2020-05-08T21:29:11","modified_gmt":"2020-05-08T21:29:11","slug":"cgu","status":"publish","type":"page","link":"https:\/\/sushigourmet.eu\/pt-pt\/cgu\/","title":{"rendered":"CGU"},"content":{"rendered":"\n<p><strong>CONDITIONS G\u00c9N\u00c9RALES D\u2019UTILISATION<br>E-R\u00c9SERVATION<br><\/strong><br><\/p>\n\n\n\n<p><strong>ARTICLE&nbsp;1 :&nbsp;R\u00c9SERVATION&nbsp;DU PRODUIT<\/strong><strong><\/strong><\/p>\n\n\n\n<p>La r\u00e9servation du produit dans le magasin s\u00e9lectionn\u00e9 par le Client n\u2019implique pas le paiement en ligne de l\u2019Internaute. Le paiement se fera en boutique, lors du retrait du produit r\u00e9serv\u00e9 sur le stand Sushi Gourmet par le moyen de paiement voulu par le Client, en vigueur dans le magasin dans lequel se situe le stand Sushi Gourmet.<\/p>\n\n\n\n<p><br>A partir du moment o\u00f9 l\u2019Internaute souhaite r\u00e9server un produit&nbsp;\u00bb, la r\u00e9servation se fait en plusieurs \u00e9tapes&nbsp;:<\/p>\n\n\n\n<p>&nbsp;<br>&#8211; Le site propose \u00e0 l\u2019Internaute une liste des stands class\u00e9s par r\u00e9gion sur la page du Click &amp; Collect. Un stand absent de la liste est un stand non-participant \u00e0 l\u2019op\u00e9ration Click &amp; Collect. <\/p>\n\n\n\n<p>1. L\u2019Internaute s\u00e9lectionne le stand souhait\u00e9, le jour et l\u2019heure de la r\u00e9servation ;<\/p>\n\n\n\n<p>2. L\u2019Internaute remplit son panier de r\u00e9servation selon la s\u00e9lection de produits propos\u00e9e ;<\/p>\n\n\n\n<p>3. L\u2019Internaute renseigne les informations obligatoires suivantes : Pr\u00e9nom, Nom, adresse e-mail et l\u2019information facultative suivante&nbsp;: n\u00b0 de t\u00e9l\u00e9phone.<\/p>\n\n\n\n<p>4. L\u2019Internaute doit accepter la collecte de ses coordonn\u00e9es et les Conditions G\u00e9n\u00e9rales d\u2019Utilisation afin de valider sa commande. Sushi Gourmet s\u2019engage \u00e0 ne pas utiliser ces donn\u00e9es \u00e0 des fins commerciales ou marketing mais uniquement au bon fonctionnement du Click &amp; Collect.<\/p>\n\n\n\n<p>5. L\u2019Internaute re\u00e7oit du stand qu\u2019il a s\u00e9lectionn\u00e9 un e-mail d\u2019accus\u00e9 de r\u00e9ception de sa r\u00e9servation. Cet e-mail fait preuve de confirmation de r\u00e9servation.<\/p>\n\n\n\n<p>La r\u00e9servation n\u2019implique aucune obligation d\u2019achat, mais seulement une obligation de pr\u00e9sentation en stand de la part de l\u2019Internaute.<\/p>\n\n\n\n<p><br>La r\u00e9servation n\u2019implique pas le paiement en ligne par l\u2019Internaute. Le paiement du Produit se fera dans le magasin o\u00f9 se situe le stand Sushi Gourmet aux conditions de prix et de paiement en vigueur dans le magasin au jour du retrait.<\/p>\n\n\n\n<p>Le prix \u00e0 payer sera donc celui en vigueur dans le magasin au jour du retrait du Produit et non celui indiqu\u00e9 lors de la r\u00e9servation sur le Site et l\u2019e-mail de confirmation. En effet, le prix communiqu\u00e9 lors de la r\u00e9servation correspond au prix valable sur le Site. Il n\u2019est qu\u2019indicatif et peut \u00eatre diff\u00e9rent de celui pratiqu\u00e9 en magasin, notamment en raison des dates des op\u00e9rations promotionnelles et conditions de prix propres au stand.<\/p>\n\n\n\n<p><br>Sushi Gourmet se r\u00e9serve le droit de refuser de traiter une demande de r\u00e9servation si les coordonn\u00e9es de l\u2019Internaute ne sont pas analys\u00e9es comme \u00e9tant fiables (exemple erreur de code postal, ou adresse mail invalide). Pour toute commande, Sushi Gourmet se r\u00e9serve le droit de demander une double confirmation de r\u00e9servation \u00e0 l&#8217;Internaute par retour de mail. Sushi Gourmet se r\u00e9serve \u00e9galement le droit de refuser de traiter une demande de r\u00e9servation dans le cas o\u00f9 l\u2019Internaute n\u2019a pas respect\u00e9 son obligation de se pr\u00e9senter en stand une fois auparavant.<\/p>\n\n\n\n<p><strong>Preuve de la r\u00e9servation<\/strong><\/p>\n\n\n\n<p>Sauf preuve contraire, les registres informatiques de Sushi Gourmet, conserv\u00e9s dans des conditions de s\u00e9curit\u00e9, constitueront la preuve de l\u2019ensemble des transactions pass\u00e9es entre Sushi Gourmet et l\u2019Internaute dans le cadre du Service.<\/p>\n\n\n\n<p>Conform\u00e9ment \u00e0 la r\u00e9glementation, Sushi Gourmet proc\u00e8de \u00e0 un archivage des demandes de r\u00e9servation sur un support fiable. L\u2019Internaute pourra y avoir acc\u00e8s en contactant le centre de relation client\u00e8le de la marque \u00e0 dpo@hanagroup.eu.<\/p>\n\n\n\n<p>Il est recommand\u00e9 \u00e0 l\u2019Internaute de conserver l\u2019e-mail de validation de sa r\u00e9servation.<\/p>\n\n\n\n<p><strong>ARTICLE&nbsp;2 :&nbsp;MODALIT\u00c9S&nbsp;DE&nbsp;R\u00c9SERVATION<\/strong><\/p>\n\n\n\n<p>Les produits ne peuvent \u00eatre r\u00e9serv\u00e9s que dans les magasins de l\u2019enseigne et les stands Sushi Gourmet pr\u00e9sent\u00e9s dans le Service.<\/p>\n\n\n\n<p><br>La r\u00e9servation est gratuite et sans aucune obligation d\u2019achat en magasin.<\/p>\n\n\n\n<p><br>L\u2019Internaute peut r\u00e9server un maximum de 10 quantit\u00e9s d\u2019un m\u00eame produit.<\/p>\n\n\n\n<p><br>Le stand s\u2019engage, \u00e0 compter de la demande de r\u00e9servation de l\u2019Internaute effectu\u00e9e sur le Site, \u00e0 prendre en compte sa demande dans le d\u00e9lai indiqu\u00e9 lors du processus de r\u00e9servation et selon les horaires et jours d\u2019ouverture du stand\/vitrine (hors p\u00e9riode de jours f\u00e9ri\u00e9s ch\u00f4m\u00e9s et non travaill\u00e9s).<\/p>\n\n\n\n<p><br>Cette prise en compte fera l\u2019objet de l\u2019envoi d\u2019un e-mail de confirmation automatique. A ce titre, l\u2019Internaute reconnait la possibilit\u00e9 de probl\u00e8me sur la r\u00e9servation effectu\u00e9e par l\u2019Internaute, emp\u00eachant la prise en compte de cette derni\u00e8re par le stand Sushi Gourmet.<\/p>\n\n\n\n<p><br>D\u00e8s r\u00e9ception de l\u2019e-mail de confirmation envoy\u00e9 par Sushi Gourmet les produits seront r\u00e9serv\u00e9s 30 minutes avant et apr\u00e8s la date et l\u2019heure de retrait choisis par l\u2019Internaute. L\u2019Internaute pourra alors retirer les produits, dans le magasin s\u00e9lectionn\u00e9 lors de sa r\u00e9servation sur le Site et ce, sous r\u00e9serve de pr\u00e9sentation de l\u2019e-mail de r\u00e9servation durant le d\u00e9lai pr\u00e9vu. Pass\u00e9 ce d\u00e9lai, la r\u00e9servation des produits ne sera plus garantie.<\/p>\n\n\n\n<p><strong>Annulation de la r\u00e9servation\/ refus des produits constituant la r\u00e9servation<\/strong><\/p>\n\n\n\n<p>La r\u00e9servation \u00e9tant gratuite et sans aucune obligation d\u2019achat en magasin, l\u2019Internaute est libre de ne pas proc\u00e9der \u00e0 l\u2019achat des produits r\u00e9serv\u00e9s si ceux-ci ne lui convenaient pas une fois s\u2019\u00e9tant d\u00e9plac\u00e9 dans le magasin. De plus, l\u2019Internaute est libre d\u2019annuler sa r\u00e9servation d\u00e8s r\u00e9ception de l\u2019e-mail confirmant sa demande de r\u00e9servation, en envoyant un mail \u00e0 click&amp;collect@hanagroup.eu.<\/p>\n","protected":false},"excerpt":{"rendered":"<p>CONDITIONS G\u00c9N\u00c9RALES D\u2019UTILISATIONE-R\u00c9SERVATION ARTICLE&nbsp;1 :&nbsp;R\u00c9SERVATION&nbsp;DU PRODUIT La r\u00e9servation du produit dans le magasin s\u00e9lectionn\u00e9 par le Client n\u2019implique pas le paiement en ligne de l\u2019Internaute. Le paiement se fera en boutique, lors du retrait du produit r\u00e9serv\u00e9 sur le stand Sushi Gourmet par le moyen de paiement voulu par le Client, en vigueur dans le [&hellip;]<\/p>\n","protected":false},"author":1,"featured_media":0,"parent":0,"menu_order":0,"comment_status":"closed","ping_status":"closed","template":"","meta":{"_acf_changed":false,"footnotes":""},"class_list":["post-44250","page","type-page","status-publish","hentry"],"acf":[],"yoast_head":"<!-- This site is optimized with the Yoast SEO plugin v22.1 - https:\/\/yoast.com\/wordpress\/plugins\/seo\/ -->\n<title>CGU - Sushi Gourmet<\/title>\n<meta name=\"robots\" content=\"index, follow, max-snippet:-1, max-image-preview:large, max-video-preview:-1\" \/>\n<link rel=\"canonical\" href=\"https:\/\/sushigourmet.eu\/pt-pt\/cgu\/\" \/>\n<meta property=\"og:locale\" content=\"pt_PT\" \/>\n<meta property=\"og:type\" content=\"article\" \/>\n<meta property=\"og:title\" content=\"CGU - Sushi Gourmet\" \/>\n<meta property=\"og:description\" content=\"CONDITIONS G\u00c9N\u00c9RALES D\u2019UTILISATIONE-R\u00c9SERVATION ARTICLE&nbsp;1 :&nbsp;R\u00c9SERVATION&nbsp;DU PRODUIT La r\u00e9servation du produit dans le magasin s\u00e9lectionn\u00e9 par le Client n\u2019implique pas le paiement en ligne de l\u2019Internaute. Le paiement se fera en boutique, lors du retrait du produit r\u00e9serv\u00e9 sur le stand Sushi Gourmet par le moyen de paiement voulu par le Client, en vigueur dans le [&hellip;]\" \/>\n<meta property=\"og:url\" content=\"https:\/\/sushigourmet.eu\/pt-pt\/cgu\/\" \/>\n<meta property=\"og:site_name\" content=\"Sushi Gourmet\" \/>\n<meta name=\"twitter:card\" content=\"summary_large_image\" \/>\n<meta name=\"twitter:label1\" content=\"Est. reading time\" \/>\n\t<meta name=\"twitter:data1\" content=\"5 minutos\" \/>\n<script type=\"application\/ld+json\" class=\"yoast-schema-graph\">{\"@context\":\"https:\/\/schema.org\",\"@graph\":[{\"@type\":\"WebPage\",\"@id\":\"https:\/\/sushigourmet.eu\/pt-pt\/cgu\/\",\"url\":\"https:\/\/sushigourmet.eu\/pt-pt\/cgu\/\",\"name\":\"CGU - Sushi Gourmet\",\"isPartOf\":{\"@id\":\"https:\/\/sushigourmet.eu\/en\/#website\"},\"datePublished\":\"2020-05-08T21:29:11+00:00\",\"dateModified\":\"2020-05-08T21:29:11+00:00\",\"breadcrumb\":{\"@id\":\"https:\/\/sushigourmet.eu\/pt-pt\/cgu\/#breadcrumb\"},\"inLanguage\":\"pt-PT\",\"potentialAction\":[{\"@type\":\"ReadAction\",\"target\":[\"https:\/\/sushigourmet.eu\/pt-pt\/cgu\/\"]}]},{\"@type\":\"BreadcrumbList\",\"@id\":\"https:\/\/sushigourmet.eu\/pt-pt\/cgu\/#breadcrumb\",\"itemListElement\":[{\"@type\":\"ListItem\",\"position\":1,\"name\":\"Home\",\"item\":\"https:\/\/sushigourmet.eu\/pt-pt\/\"},{\"@type\":\"ListItem\",\"position\":2,\"name\":\"CGU\"}]},{\"@type\":\"WebSite\",\"@id\":\"https:\/\/sushigourmet.eu\/en\/#website\",\"url\":\"https:\/\/sushigourmet.eu\/en\/\",\"name\":\"Sushi Gourmet\",\"description\":\"\",\"potentialAction\":[{\"@type\":\"SearchAction\",\"target\":{\"@type\":\"EntryPoint\",\"urlTemplate\":\"https:\/\/sushigourmet.eu\/en\/?s={search_term_string}\"},\"query-input\":\"required name=search_term_string\"}],\"inLanguage\":\"pt-PT\"}]}<\/script>\n<!-- \/ Yoast SEO plugin. -->","yoast_head_json":{"title":"CGU - Sushi Gourmet","robots":{"index":"index","follow":"follow","max-snippet":"max-snippet:-1","max-image-preview":"max-image-preview:large","max-video-preview":"max-video-preview:-1"},"canonical":"https:\/\/sushigourmet.eu\/pt-pt\/cgu\/","og_locale":"pt_PT","og_type":"article","og_title":"CGU - Sushi Gourmet","og_description":"CONDITIONS G\u00c9N\u00c9RALES D\u2019UTILISATIONE-R\u00c9SERVATION ARTICLE&nbsp;1 :&nbsp;R\u00c9SERVATION&nbsp;DU PRODUIT La r\u00e9servation du produit dans le magasin s\u00e9lectionn\u00e9 par le Client n\u2019implique pas le paiement en ligne de l\u2019Internaute. Le paiement se fera en boutique, lors du retrait du produit r\u00e9serv\u00e9 sur le stand Sushi Gourmet par le moyen de paiement voulu par le Client, en vigueur dans le [&hellip;]","og_url":"https:\/\/sushigourmet.eu\/pt-pt\/cgu\/","og_site_name":"Sushi Gourmet","twitter_card":"summary_large_image","twitter_misc":{"Est. reading time":"5 minutos"},"schema":{"@context":"https:\/\/schema.org","@graph":[{"@type":"WebPage","@id":"https:\/\/sushigourmet.eu\/pt-pt\/cgu\/","url":"https:\/\/sushigourmet.eu\/pt-pt\/cgu\/","name":"CGU - Sushi Gourmet","isPartOf":{"@id":"https:\/\/sushigourmet.eu\/en\/#website"},"datePublished":"2020-05-08T21:29:11+00:00","dateModified":"2020-05-08T21:29:11+00:00","breadcrumb":{"@id":"https:\/\/sushigourmet.eu\/pt-pt\/cgu\/#breadcrumb"},"inLanguage":"pt-PT","potentialAction":[{"@type":"ReadAction","target":["https:\/\/sushigourmet.eu\/pt-pt\/cgu\/"]}]},{"@type":"BreadcrumbList","@id":"https:\/\/sushigourmet.eu\/pt-pt\/cgu\/#breadcrumb","itemListElement":[{"@type":"ListItem","position":1,"name":"Home","item":"https:\/\/sushigourmet.eu\/pt-pt\/"},{"@type":"ListItem","position":2,"name":"CGU"}]},{"@type":"WebSite","@id":"https:\/\/sushigourmet.eu\/en\/#website","url":"https:\/\/sushigourmet.eu\/en\/","name":"Sushi Gourmet","description":"","potentialAction":[{"@type":"SearchAction","target":{"@type":"EntryPoint","urlTemplate":"https:\/\/sushigourmet.eu\/en\/?s={search_term_string}"},"query-input":"required name=search_term_string"}],"inLanguage":"pt-PT"}]}},"_links":{"self":[{"href":"https:\/\/sushigourmet.eu\/pt-pt\/wp-json\/wp\/v2\/pages\/44250"}],"collection":[{"href":"https:\/\/sushigourmet.eu\/pt-pt\/wp-json\/wp\/v2\/pages"}],"about":[{"href":"https:\/\/sushigourmet.eu\/pt-pt\/wp-json\/wp\/v2\/types\/page"}],"author":[{"embeddable":true,"href":"https:\/\/sushigourmet.eu\/pt-pt\/wp-json\/wp\/v2\/users\/1"}],"replies":[{"embeddable":true,"href":"https:\/\/sushigourmet.eu\/pt-pt\/wp-json\/wp\/v2\/comments?post=44250"}],"version-history":[{"count":0,"href":"https:\/\/sushigourmet.eu\/pt-pt\/wp-json\/wp\/v2\/pages\/44250\/revisions"}],"wp:attachment":[{"href":"https:\/\/sushigourmet.eu\/pt-pt\/wp-json\/wp\/v2\/media?parent=44250"}],"curies":[{"name":"wp","href":"https:\/\/api.w.org\/{rel}","templated":true}]}}