{"id":1715,"date":"2020-04-10T21:06:47","date_gmt":"2020-04-10T21:06:47","guid":{"rendered":"https:\/\/sushigourmet.eu\/qui-sommes-nous\/"},"modified":"2020-08-26T13:59:35","modified_gmt":"2020-08-26T13:59:35","slug":"quienes-somos","status":"publish","type":"page","link":"https:\/\/sushigourmet.eu\/es\/quienes-somos\/","title":{"rendered":"Qui\u00e9nes somos"},"content":{"rendered":"\n<h3 class=\"wp-block-heading\">Sushi Gourmet, especialista en gastronom\u00eda japonesa en supermercados e hipermercados<\/h3>\n\n\n\n<figure class=\"wp-block-image size-large\"><img loading=\"lazy\" decoding=\"async\" width=\"1024\" height=\"768\" src=\"https:\/\/sushigourmet.eu\/wp-content\/uploads\/2020\/06\/quisommesnous6-1024x768.jpg\" alt=\"\" class=\"wp-image-1485\" srcset=\"https:\/\/sushigourmet.eu\/wp-content\/uploads\/2020\/06\/quisommesnous6-1024x768.jpg 1024w, https:\/\/sushigourmet.eu\/wp-content\/uploads\/2020\/06\/quisommesnous6-300x225.jpg 300w, https:\/\/sushigourmet.eu\/wp-content\/uploads\/2020\/06\/quisommesnous6-768x576.jpg 768w, https:\/\/sushigourmet.eu\/wp-content\/uploads\/2020\/06\/quisommesnous6-1536x1152.jpg 1536w, https:\/\/sushigourmet.eu\/wp-content\/uploads\/2020\/06\/quisommesnous6-840x630.jpg 840w, https:\/\/sushigourmet.eu\/wp-content\/uploads\/2020\/06\/quisommesnous6-347x260.jpg 347w, https:\/\/sushigourmet.eu\/wp-content\/uploads\/2020\/06\/quisommesnous6-554x416.jpg 554w, https:\/\/sushigourmet.eu\/wp-content\/uploads\/2020\/06\/quisommesnous6-224x168.jpg 224w, https:\/\/sushigourmet.eu\/wp-content\/uploads\/2020\/06\/quisommesnous6-187x140.jpg 187w, https:\/\/sushigourmet.eu\/wp-content\/uploads\/2020\/06\/quisommesnous6.jpg 1920w\" sizes=\"(max-width: 1024px) 100vw, 1024px\" \/><\/figure>\n\n\n\n<h4 class=\"wp-block-heading\">\u00a1Con m\u00e1s de 22 puestos en Espa\u00f1a, Sushi Gourmet te ofrece la gastronom\u00eda japonesa cerca de ti!<\/h4>\n\n\n\n<p>Sushi Gourmet te ofrece un concepto de quioscos japoneses en tus tiendas m\u00e1s cercanas. Nuestro activo, es ofrecerte productos elaborados cada d\u00eda. Todo nuestro sushi est\u00e1 elaborado por el equipo de sushimen, en los propios quioscos, en directo y frente a los clientes.<\/p>\n\n\n\n<blockquote class=\"wp-block-quote is-layout-flow wp-block-quote-is-layout-flow\"><p>\u00abLa frescura y la calidad de nuestro sushi es nuestro lema\u00bb<\/p><\/blockquote>\n\n\n\n<p>Los equipos de Sushi Gourmet est\u00e1n preparados para ofrecerte productos de m\u00e1xima calidad. Esta calidad es supervisada por los auditores de calidad del Grupo Hana y controlada por laboratorios externos. Toda esta organizaci\u00f3n y este conocimiento nos permiten garantizarte el m\u00e1ximo placer con la m\u00e1xima seguridad.<\/p>\n\n\n\n<figure class=\"wp-block-image size-large\"><img loading=\"lazy\" decoding=\"async\" width=\"1024\" height=\"768\" src=\"https:\/\/sushigourmet.eu\/wp-content\/uploads\/2020\/05\/team-1024x768.jpg\" alt=\"\" class=\"wp-image-714\" srcset=\"https:\/\/sushigourmet.eu\/wp-content\/uploads\/2020\/05\/team-1024x768.jpg 1024w, https:\/\/sushigourmet.eu\/wp-content\/uploads\/2020\/05\/team-300x225.jpg 300w, https:\/\/sushigourmet.eu\/wp-content\/uploads\/2020\/05\/team-768x576.jpg 768w, https:\/\/sushigourmet.eu\/wp-content\/uploads\/2020\/05\/team-1536x1152.jpg 1536w, https:\/\/sushigourmet.eu\/wp-content\/uploads\/2020\/05\/team-840x630.jpg 840w, https:\/\/sushigourmet.eu\/wp-content\/uploads\/2020\/05\/team-347x260.jpg 347w, https:\/\/sushigourmet.eu\/wp-content\/uploads\/2020\/05\/team-554x416.jpg 554w, https:\/\/sushigourmet.eu\/wp-content\/uploads\/2020\/05\/team-224x168.jpg 224w, https:\/\/sushigourmet.eu\/wp-content\/uploads\/2020\/05\/team-187x140.jpg 187w, https:\/\/sushigourmet.eu\/wp-content\/uploads\/2020\/05\/team.jpg 1920w\" sizes=\"(max-width: 1024px) 100vw, 1024px\" \/><\/figure>\n\n\n\n<p>Sushi Gourmet es una de las 20 marcas de Hana Group, especializada en ShowCooking. Encontrar\u00e1s el mismo conocimineto, los mismos valores para todas las cocinas del mundo: italiana, tailandesa, vietnamita, oriental \u2026 \u00a1Emprende ahora un nuevo viaje culinario!<\/p>\n\n\n\n<blockquote class=\"wp-block-quote is-layout-flow wp-block-quote-is-layout-flow\"><p>\u00abEl Show Cooking ofrece una oportunidad para apreciar las habilidades del sushiman, al tiempo que te sumerge en una experiencia culinaria como si de un evento se tratara\u00bb<\/p><\/blockquote>\n\n\n\n<figure class=\"wp-block-embed-youtube wp-block-embed is-type-video is-provider-youtube wp-embed-aspect-16-9 wp-has-aspect-ratio\"><div class=\"wp-block-embed__wrapper\">\n<iframe loading=\"lazy\" title=\"Hana Group - Cr\u00e9ateur de voyage culinaire\" width=\"500\" height=\"281\" src=\"https:\/\/www.youtube.com\/embed\/PRW8SrWFN80?feature=oembed\" frameborder=\"0\" allow=\"accelerometer; autoplay; clipboard-write; encrypted-media; gyroscope; picture-in-picture; web-share\" referrerpolicy=\"strict-origin-when-cross-origin\" allowfullscreen><\/iframe>\n<\/div><\/figure>\n","protected":false},"excerpt":{"rendered":"<p>\u00a1Con m\u00e1s de 22 puestos en Espa\u00f1a, Sushi Gourmet te ofrece la gastronom\u00eda japonesa cerca de ti!<\/p>\n","protected":false},"author":1,"featured_media":1717,"parent":0,"menu_order":0,"comment_status":"closed","ping_status":"closed","template":"","meta":{"_acf_changed":false,"footnotes":""},"class_list":["post-1715","page","type-page","status-publish","has-post-thumbnail","hentry"],"acf":[],"yoast_head":"<!-- This site is optimized with the Yoast SEO plugin v22.1 - https:\/\/yoast.com\/wordpress\/plugins\/seo\/ -->\n<title>Qui\u00e9nes somos - Sushi Gourmet<\/title>\n<meta name=\"robots\" content=\"index, follow, max-snippet:-1, max-image-preview:large, max-video-preview:-1\" \/>\n<link rel=\"canonical\" href=\"https:\/\/sushigourmet.eu\/es\/quienes-somos\/\" \/>\n<meta property=\"og:locale\" content=\"es_ES\" \/>\n<meta property=\"og:type\" content=\"article\" \/>\n<meta property=\"og:title\" content=\"Qui\u00e9nes somos - Sushi Gourmet\" \/>\n<meta property=\"og:description\" content=\"\u00a1Con m\u00e1s de 22 puestos en Espa\u00f1a, Sushi Gourmet te ofrece la gastronom\u00eda japonesa cerca de ti!\" \/>\n<meta property=\"og:url\" content=\"https:\/\/sushigourmet.eu\/es\/quienes-somos\/\" \/>\n<meta property=\"og:site_name\" content=\"Sushi Gourmet\" \/>\n<meta property=\"article:modified_time\" content=\"2020-08-26T13:59:35+00:00\" \/>\n<meta property=\"og:image\" content=\"https:\/\/sushigourmet.eu\/wp-content\/uploads\/2020\/06\/quisommesnousheader.png\" \/>\n\t<meta property=\"og:image:width\" content=\"1440\" \/>\n\t<meta property=\"og:image:height\" content=\"235\" \/>\n\t<meta property=\"og:image:type\" content=\"image\/png\" \/>\n<meta name=\"twitter:card\" content=\"summary_large_image\" \/>\n<meta name=\"twitter:label1\" content=\"Est. reading time\" \/>\n\t<meta name=\"twitter:data1\" content=\"1 minuto\" \/>\n<script type=\"application\/ld+json\" class=\"yoast-schema-graph\">{\"@context\":\"https:\/\/schema.org\",\"@graph\":[{\"@type\":\"WebPage\",\"@id\":\"https:\/\/sushigourmet.eu\/es\/quienes-somos\/\",\"url\":\"https:\/\/sushigourmet.eu\/es\/quienes-somos\/\",\"name\":\"Qui\u00e9nes somos - Sushi Gourmet\",\"isPartOf\":{\"@id\":\"https:\/\/sushigourmet.eu\/en\/#website\"},\"datePublished\":\"2020-04-10T21:06:47+00:00\",\"dateModified\":\"2020-08-26T13:59:35+00:00\",\"breadcrumb\":{\"@id\":\"https:\/\/sushigourmet.eu\/es\/quienes-somos\/#breadcrumb\"},\"inLanguage\":\"es\",\"potentialAction\":[{\"@type\":\"ReadAction\",\"target\":[\"https:\/\/sushigourmet.eu\/es\/quienes-somos\/\"]}]},{\"@type\":\"BreadcrumbList\",\"@id\":\"https:\/\/sushigourmet.eu\/es\/quienes-somos\/#breadcrumb\",\"itemListElement\":[{\"@type\":\"ListItem\",\"position\":1,\"name\":\"Inicio\",\"item\":\"https:\/\/sushigourmet.eu\/es\/\"},{\"@type\":\"ListItem\",\"position\":2,\"name\":\"Qui\u00e9nes somos\"}]},{\"@type\":\"WebSite\",\"@id\":\"https:\/\/sushigourmet.eu\/en\/#website\",\"url\":\"https:\/\/sushigourmet.eu\/en\/\",\"name\":\"Sushi Gourmet\",\"description\":\"\",\"potentialAction\":[{\"@type\":\"SearchAction\",\"target\":{\"@type\":\"EntryPoint\",\"urlTemplate\":\"https:\/\/sushigourmet.eu\/en\/?s={search_term_string}\"},\"query-input\":\"required name=search_term_string\"}],\"inLanguage\":\"es\"}]}<\/script>\n<!-- \/ Yoast SEO plugin. -->","yoast_head_json":{"title":"Qui\u00e9nes somos - Sushi Gourmet","robots":{"index":"index","follow":"follow","max-snippet":"max-snippet:-1","max-image-preview":"max-image-preview:large","max-video-preview":"max-video-preview:-1"},"canonical":"https:\/\/sushigourmet.eu\/es\/quienes-somos\/","og_locale":"es_ES","og_type":"article","og_title":"Qui\u00e9nes somos - Sushi Gourmet","og_description":"\u00a1Con m\u00e1s de 22 puestos en Espa\u00f1a, Sushi Gourmet te ofrece la gastronom\u00eda japonesa cerca de ti!","og_url":"https:\/\/sushigourmet.eu\/es\/quienes-somos\/","og_site_name":"Sushi Gourmet","article_modified_time":"2020-08-26T13:59:35+00:00","og_image":[{"width":1440,"height":235,"url":"https:\/\/sushigourmet.eu\/wp-content\/uploads\/2020\/06\/quisommesnousheader.png","type":"image\/png"}],"twitter_card":"summary_large_image","twitter_misc":{"Est. reading time":"1 minuto"},"schema":{"@context":"https:\/\/schema.org","@graph":[{"@type":"WebPage","@id":"https:\/\/sushigourmet.eu\/es\/quienes-somos\/","url":"https:\/\/sushigourmet.eu\/es\/quienes-somos\/","name":"Qui\u00e9nes somos - Sushi Gourmet","isPartOf":{"@id":"https:\/\/sushigourmet.eu\/en\/#website"},"datePublished":"2020-04-10T21:06:47+00:00","dateModified":"2020-08-26T13:59:35+00:00","breadcrumb":{"@id":"https:\/\/sushigourmet.eu\/es\/quienes-somos\/#breadcrumb"},"inLanguage":"es","potentialAction":[{"@type":"ReadAction","target":["https:\/\/sushigourmet.eu\/es\/quienes-somos\/"]}]},{"@type":"BreadcrumbList","@id":"https:\/\/sushigourmet.eu\/es\/quienes-somos\/#breadcrumb","itemListElement":[{"@type":"ListItem","position":1,"name":"Inicio","item":"https:\/\/sushigourmet.eu\/es\/"},{"@type":"ListItem","position":2,"name":"Qui\u00e9nes somos"}]},{"@type":"WebSite","@id":"https:\/\/sushigourmet.eu\/en\/#website","url":"https:\/\/sushigourmet.eu\/en\/","name":"Sushi Gourmet","description":"","potentialAction":[{"@type":"SearchAction","target":{"@type":"EntryPoint","urlTemplate":"https:\/\/sushigourmet.eu\/en\/?s={search_term_string}"},"query-input":"required name=search_term_string"}],"inLanguage":"es"}]}},"_links":{"self":[{"href":"https:\/\/sushigourmet.eu\/es\/wp-json\/wp\/v2\/pages\/1715"}],"collection":[{"href":"https:\/\/sushigourmet.eu\/es\/wp-json\/wp\/v2\/pages"}],"about":[{"href":"https:\/\/sushigourmet.eu\/es\/wp-json\/wp\/v2\/types\/page"}],"author":[{"embeddable":true,"href":"https:\/\/sushigourmet.eu\/es\/wp-json\/wp\/v2\/users\/1"}],"replies":[{"embeddable":true,"href":"https:\/\/sushigourmet.eu\/es\/wp-json\/wp\/v2\/comments?post=1715"}],"version-history":[{"count":4,"href":"https:\/\/sushigourmet.eu\/es\/wp-json\/wp\/v2\/pages\/1715\/revisions"}],"predecessor-version":[{"id":1810,"href":"https:\/\/sushigourmet.eu\/es\/wp-json\/wp\/v2\/pages\/1715\/revisions\/1810"}],"wp:featuredmedia":[{"embeddable":true,"href":"https:\/\/sushigourmet.eu\/es\/wp-json\/wp\/v2\/media\/1717"}],"wp:attachment":[{"href":"https:\/\/sushigourmet.eu\/es\/wp-json\/wp\/v2\/media?parent=1715"}],"curies":[{"name":"wp","href":"https:\/\/api.w.org\/{rel}","templated":true}]}}