{"id":1693,"date":"2020-05-08T21:27:19","date_gmt":"2020-05-08T21:27:19","guid":{"rendered":"https:\/\/sushigourmet.eu\/hana-group\/"},"modified":"2020-08-26T10:15:31","modified_gmt":"2020-08-26T10:15:31","slug":"hana-group","status":"publish","type":"page","link":"https:\/\/sushigourmet.eu\/es\/hana-group\/","title":{"rendered":"Hana Group, creador de hermosos viajes culinarios"},"content":{"rendered":"\n<h3 class=\"wp-block-heading\">Hana Group ofrece experiencias culinarias de todo el mundo.<\/h3>\n\n\n\n<p>Despu\u00e9s de haber creado la marca, r\u00e1pidamente se convirti\u00f3 en uno de los l\u00edderes franceses en la cocina japonesa en los supermercados, Hana Group est\u00e1 desarrollando m\u00e1s de veinte marcas m\u00e1s en todo el mundo. Con m\u00e1s de 1000 puntos de venta en 12 pa\u00edses diferentes, Hana Group se convierte en el l\u00edder mundial en gastronom\u00eda de tienda.<\/p>\n\n\n\n<h4 class=\"wp-block-heading\">Un portfolio de 20 marcas.<\/h4>\n\n\n\n<p>Nuestras diferentes marcas ofrecen un concepto de stand en el sector retail. Nuestra fortaleza: productos frescos y de alta calidad, preparados diariamente por nuestros chefs en todas las cocinas del mundo. Nuestro objetivo: ofrecer un viaje culinario procedente de Italia, Vietnam, Tailandia a todos nuestros consumidores, preservando nuestros valores: Confianza, Generosidad y Audacia.<\/p>\n\n\n\n<figure class=\"wp-block-embed-youtube wp-block-embed is-type-video is-provider-youtube wp-embed-aspect-16-9 wp-has-aspect-ratio\"><div class=\"wp-block-embed__wrapper\">\n<iframe loading=\"lazy\" title=\"Hana Group - Cr\u00e9ateur de voyage culinaire\" width=\"500\" height=\"281\" src=\"https:\/\/www.youtube.com\/embed\/PRW8SrWFN80?feature=oembed\" frameborder=\"0\" allow=\"accelerometer; autoplay; clipboard-write; encrypted-media; gyroscope; picture-in-picture; web-share\" referrerpolicy=\"strict-origin-when-cross-origin\" allowfullscreen><\/iframe>\n<\/div><\/figure>\n\n\n\n  <p class=\"u-text-center\">\n    <a href=\"http:\/\/www.hanagroup.eu\" class=\"c-button\" rel=\"external\">En Savoir Plus<\/a>\n  <\/p>\n\n\n\n<p><\/p>\n","protected":false},"excerpt":{"rendered":"<p>Hana Group, l\u00edder en gastronom\u00eda de supermercados.<\/p>\n","protected":false},"author":1,"featured_media":1694,"parent":0,"menu_order":0,"comment_status":"closed","ping_status":"closed","template":"","meta":{"_acf_changed":false,"footnotes":""},"class_list":["post-1693","page","type-page","status-publish","has-post-thumbnail","hentry"],"acf":[],"yoast_head":"<!-- This site is optimized with the Yoast SEO plugin v22.1 - https:\/\/yoast.com\/wordpress\/plugins\/seo\/ -->\n<title>Hana Group, creador de hermosos viajes culinarios - Sushi Gourmet<\/title>\n<meta name=\"robots\" content=\"index, follow, max-snippet:-1, max-image-preview:large, max-video-preview:-1\" \/>\n<link rel=\"canonical\" href=\"https:\/\/sushigourmet.eu\/es\/hana-group\/\" \/>\n<meta property=\"og:locale\" content=\"es_ES\" \/>\n<meta property=\"og:type\" content=\"article\" \/>\n<meta property=\"og:title\" content=\"Hana Group, creador de hermosos viajes culinarios - Sushi Gourmet\" \/>\n<meta property=\"og:description\" content=\"Hana Group, l\u00edder en gastronom\u00eda de supermercados.\" \/>\n<meta property=\"og:url\" content=\"https:\/\/sushigourmet.eu\/es\/hana-group\/\" \/>\n<meta property=\"og:site_name\" content=\"Sushi Gourmet\" \/>\n<meta property=\"article:modified_time\" content=\"2020-08-26T10:15:31+00:00\" \/>\n<meta property=\"og:image\" content=\"https:\/\/sushigourmet.eu\/wp-content\/uploads\/2020\/05\/hanagroup.jpg\" \/>\n\t<meta property=\"og:image:width\" content=\"1920\" \/>\n\t<meta property=\"og:image:height\" content=\"1440\" \/>\n\t<meta property=\"og:image:type\" content=\"image\/jpeg\" \/>\n<meta name=\"twitter:card\" content=\"summary_large_image\" \/>\n<meta name=\"twitter:label1\" content=\"Est. reading time\" \/>\n\t<meta name=\"twitter:data1\" content=\"1 minuto\" \/>\n<script type=\"application\/ld+json\" class=\"yoast-schema-graph\">{\"@context\":\"https:\/\/schema.org\",\"@graph\":[{\"@type\":\"WebPage\",\"@id\":\"https:\/\/sushigourmet.eu\/es\/hana-group\/\",\"url\":\"https:\/\/sushigourmet.eu\/es\/hana-group\/\",\"name\":\"Hana Group, creador de hermosos viajes culinarios - Sushi Gourmet\",\"isPartOf\":{\"@id\":\"https:\/\/sushigourmet.eu\/en\/#website\"},\"datePublished\":\"2020-05-08T21:27:19+00:00\",\"dateModified\":\"2020-08-26T10:15:31+00:00\",\"breadcrumb\":{\"@id\":\"https:\/\/sushigourmet.eu\/es\/hana-group\/#breadcrumb\"},\"inLanguage\":\"es\",\"potentialAction\":[{\"@type\":\"ReadAction\",\"target\":[\"https:\/\/sushigourmet.eu\/es\/hana-group\/\"]}]},{\"@type\":\"BreadcrumbList\",\"@id\":\"https:\/\/sushigourmet.eu\/es\/hana-group\/#breadcrumb\",\"itemListElement\":[{\"@type\":\"ListItem\",\"position\":1,\"name\":\"Inicio\",\"item\":\"https:\/\/sushigourmet.eu\/es\/\"},{\"@type\":\"ListItem\",\"position\":2,\"name\":\"Hana Group, creador de hermosos viajes culinarios\"}]},{\"@type\":\"WebSite\",\"@id\":\"https:\/\/sushigourmet.eu\/en\/#website\",\"url\":\"https:\/\/sushigourmet.eu\/en\/\",\"name\":\"Sushi Gourmet\",\"description\":\"\",\"potentialAction\":[{\"@type\":\"SearchAction\",\"target\":{\"@type\":\"EntryPoint\",\"urlTemplate\":\"https:\/\/sushigourmet.eu\/en\/?s={search_term_string}\"},\"query-input\":\"required name=search_term_string\"}],\"inLanguage\":\"es\"}]}<\/script>\n<!-- \/ Yoast SEO plugin. -->","yoast_head_json":{"title":"Hana Group, creador de hermosos viajes culinarios - Sushi Gourmet","robots":{"index":"index","follow":"follow","max-snippet":"max-snippet:-1","max-image-preview":"max-image-preview:large","max-video-preview":"max-video-preview:-1"},"canonical":"https:\/\/sushigourmet.eu\/es\/hana-group\/","og_locale":"es_ES","og_type":"article","og_title":"Hana Group, creador de hermosos viajes culinarios - Sushi Gourmet","og_description":"Hana Group, l\u00edder en gastronom\u00eda de supermercados.","og_url":"https:\/\/sushigourmet.eu\/es\/hana-group\/","og_site_name":"Sushi Gourmet","article_modified_time":"2020-08-26T10:15:31+00:00","og_image":[{"width":1920,"height":1440,"url":"https:\/\/sushigourmet.eu\/wp-content\/uploads\/2020\/05\/hanagroup.jpg","type":"image\/jpeg"}],"twitter_card":"summary_large_image","twitter_misc":{"Est. reading time":"1 minuto"},"schema":{"@context":"https:\/\/schema.org","@graph":[{"@type":"WebPage","@id":"https:\/\/sushigourmet.eu\/es\/hana-group\/","url":"https:\/\/sushigourmet.eu\/es\/hana-group\/","name":"Hana Group, creador de hermosos viajes culinarios - Sushi Gourmet","isPartOf":{"@id":"https:\/\/sushigourmet.eu\/en\/#website"},"datePublished":"2020-05-08T21:27:19+00:00","dateModified":"2020-08-26T10:15:31+00:00","breadcrumb":{"@id":"https:\/\/sushigourmet.eu\/es\/hana-group\/#breadcrumb"},"inLanguage":"es","potentialAction":[{"@type":"ReadAction","target":["https:\/\/sushigourmet.eu\/es\/hana-group\/"]}]},{"@type":"BreadcrumbList","@id":"https:\/\/sushigourmet.eu\/es\/hana-group\/#breadcrumb","itemListElement":[{"@type":"ListItem","position":1,"name":"Inicio","item":"https:\/\/sushigourmet.eu\/es\/"},{"@type":"ListItem","position":2,"name":"Hana Group, creador de hermosos viajes culinarios"}]},{"@type":"WebSite","@id":"https:\/\/sushigourmet.eu\/en\/#website","url":"https:\/\/sushigourmet.eu\/en\/","name":"Sushi Gourmet","description":"","potentialAction":[{"@type":"SearchAction","target":{"@type":"EntryPoint","urlTemplate":"https:\/\/sushigourmet.eu\/en\/?s={search_term_string}"},"query-input":"required name=search_term_string"}],"inLanguage":"es"}]}},"_links":{"self":[{"href":"https:\/\/sushigourmet.eu\/es\/wp-json\/wp\/v2\/pages\/1693"}],"collection":[{"href":"https:\/\/sushigourmet.eu\/es\/wp-json\/wp\/v2\/pages"}],"about":[{"href":"https:\/\/sushigourmet.eu\/es\/wp-json\/wp\/v2\/types\/page"}],"author":[{"embeddable":true,"href":"https:\/\/sushigourmet.eu\/es\/wp-json\/wp\/v2\/users\/1"}],"replies":[{"embeddable":true,"href":"https:\/\/sushigourmet.eu\/es\/wp-json\/wp\/v2\/comments?post=1693"}],"version-history":[{"count":3,"href":"https:\/\/sushigourmet.eu\/es\/wp-json\/wp\/v2\/pages\/1693\/revisions"}],"predecessor-version":[{"id":1774,"href":"https:\/\/sushigourmet.eu\/es\/wp-json\/wp\/v2\/pages\/1693\/revisions\/1774"}],"wp:featuredmedia":[{"embeddable":true,"href":"https:\/\/sushigourmet.eu\/es\/wp-json\/wp\/v2\/media\/1694"}],"wp:attachment":[{"href":"https:\/\/sushigourmet.eu\/es\/wp-json\/wp\/v2\/media?parent=1693"}],"curies":[{"name":"wp","href":"https:\/\/api.w.org\/{rel}","templated":true}]}}